
{"id":112,"date":"2025-12-27T16:18:58","date_gmt":"2025-12-27T21:18:58","guid":{"rendered":"https:\/\/patiosygruas.com\/?page_id=112"},"modified":"2026-01-22T08:00:33","modified_gmt":"2026-01-22T13:00:33","slug":"patios-y-gruas-manizales","status":"publish","type":"page","link":"https:\/\/www.infoticpatiosygruas.com\/","title":{"rendered":"Patios y Gr\u00faas Manizales"},"content":{"rendered":"\t\t<div data-elementor-type=\"wp-page\" data-elementor-id=\"112\" class=\"elementor elementor-112\">\n\t\t\t\t<div class=\"elementor-element elementor-element-4b677810 e-flex e-con-boxed e-con e-parent\" data-id=\"4b677810\" data-element_type=\"container\">\n\t\t\t\t\t<div class=\"e-con-inner\">\n\t\t\t\t<div class=\"elementor-element elementor-element-5aa9657 elementor-widget elementor-widget-spacer\" data-id=\"5aa9657\" data-element_type=\"widget\" data-widget_type=\"spacer.default\">\n\t\t\t\t\t\t\t<div class=\"elementor-spacer\">\n\t\t\t<div class=\"elementor-spacer-inner\"><\/div>\n\t\t<\/div>\n\t\t\t\t\t\t<\/div>\n\t\t<div class=\"elementor-element elementor-element-270d7ae e-grid e-con-full e-con e-child\" data-id=\"270d7ae\" data-element_type=\"container\">\n\t\t\t\t<div class=\"elementor-element elementor-element-1da1cc2c elementor-widget elementor-widget-text-editor\" data-id=\"1da1cc2c\" data-element_type=\"widget\" data-widget_type=\"text-editor.default\">\n\t\t\t\t\t\t\t\t\t\n<p>Bienvenido al sistema de patios y gr\u00faas de Manizales; servicio prestado por INFOTIC S.A. al Municipio de Manizales mediante contrato de concesi\u00f3n, cuyo objeto es: \u201cImplementar una Soluci\u00f3n en Tecnolog\u00eda, Informaci\u00f3n y Comunicaciones TIC que incorpore la operaci\u00f3n necesaria para la actividad de gr\u00faas y patios. el traslado y dep\u00f3sito temporal de los veh\u00edculos involucrados en violaci\u00f3n a las normas y accidentes de tr\u00e1nsito. que dan lugar a la inmovilizaci\u00f3n de los mismos\u201d<\/p>\n\t\t\t\t\t\t\t\t<\/div>\n\t\t\t\t<div class=\"elementor-element elementor-element-3e3fbbd elementor-widget elementor-widget-image\" data-id=\"3e3fbbd\" data-element_type=\"widget\" data-widget_type=\"image.default\">\n\t\t\t\t\t\t\t\t\t\t\t\t\t\t\t<img fetchpriority=\"high\" decoding=\"async\" width=\"794\" height=\"258\" src=\"https:\/\/www.infoticpatiosygruas.com\/wp-content\/uploads\/2025\/12\/LOGO-ALCALDIA_-PYG-2048x258-1.png\" class=\"attachment-large size-large wp-image-20\" alt=\"Logo Alcald\u00eda de Manizales\" srcset=\"https:\/\/www.infoticpatiosygruas.com\/wp-content\/uploads\/2025\/12\/LOGO-ALCALDIA_-PYG-2048x258-1.png 794w, https:\/\/www.infoticpatiosygruas.com\/wp-content\/uploads\/2025\/12\/LOGO-ALCALDIA_-PYG-2048x258-1-300x97.png 300w, https:\/\/www.infoticpatiosygruas.com\/wp-content\/uploads\/2025\/12\/LOGO-ALCALDIA_-PYG-2048x258-1-768x250.png 768w\" sizes=\"(max-width: 794px) 100vw, 794px\" \/>\t\t\t\t\t\t\t\t\t\t\t\t\t\t\t<\/div>\n\t\t\t\t<\/div>\n\t\t\t\t<div class=\"elementor-element elementor-element-13023dc elementor-widget elementor-widget-heading\" data-id=\"13023dc\" data-element_type=\"widget\" data-widget_type=\"heading.default\">\n\t\t\t\t\t<h2 class=\"elementor-heading-title elementor-size-default\">\u00bfQu\u00e9 hacer en caso de inmovilizaci\u00f3n?<\/h2>\t\t\t\t<\/div>\n\t\t\t\t<div class=\"elementor-element elementor-element-1d220b5 gallery-spacing-custom elementor-widget__width-inherit elementor-widget elementor-widget-image-gallery\" data-id=\"1d220b5\" data-element_type=\"widget\" data-widget_type=\"image-gallery.default\">\n\t\t\t\t\t\t\t<div class=\"elementor-image-gallery\">\n\t\t\t\n\t\t<style type=\"text\/css\">\n\t\t\t#gallery-1 {\n\t\t\t\tmargin: auto;\n\t\t\t}\n\t\t\t#gallery-1 .gallery-item {\n\t\t\t\tfloat: left;\n\t\t\t\tmargin-top: 10px;\n\t\t\t\ttext-align: center;\n\t\t\t\twidth: 20%;\n\t\t\t}\n\t\t\t#gallery-1 img {\n\t\t\t\tborder: 2px solid #cfcfcf;\n\t\t\t}\n\t\t\t#gallery-1 .gallery-caption {\n\t\t\t\tmargin-left: 0;\n\t\t\t}\n\t\t\t\/* see gallery_shortcode() in wp-includes\/media.php *\/\n\t\t<\/style>\n\t\t<div id='gallery-1' class='gallery galleryid-112 gallery-columns-5 gallery-size-portfolio-square'><dl class='gallery-item'>\n\t\t\t<dt class='gallery-icon portrait'>\n\t\t\t\t<a data-elementor-open-lightbox=\"yes\" data-elementor-lightbox-slideshow=\"1d220b5\" data-elementor-lightbox-title=\"1\" data-e-action-hash=\"#elementor-action%3Aaction%3Dlightbox%26settings%3DeyJpZCI6ODEsInVybCI6Imh0dHBzOlwvXC93d3cuaW5mb3RpY3BhdGlvc3lncnVhcy5jb21cL3dwLWNvbnRlbnRcL3VwbG9hZHNcLzIwMjVcLzEyXC8xLTEucG5nIiwic2xpZGVzaG93IjoiMWQyMjBiNSJ9\" href='https:\/\/www.infoticpatiosygruas.com\/wp-content\/uploads\/2025\/12\/1-1.png'><img decoding=\"async\" width=\"367\" height=\"550\" src=\"https:\/\/www.infoticpatiosygruas.com\/wp-content\/uploads\/2025\/12\/1-1.png\" class=\"attachment-portfolio-square size-portfolio-square\" alt=\"\" srcset=\"https:\/\/www.infoticpatiosygruas.com\/wp-content\/uploads\/2025\/12\/1-1.png 1024w, https:\/\/www.infoticpatiosygruas.com\/wp-content\/uploads\/2025\/12\/1-1-200x300.png 200w, https:\/\/www.infoticpatiosygruas.com\/wp-content\/uploads\/2025\/12\/1-1-683x1024.png 683w, https:\/\/www.infoticpatiosygruas.com\/wp-content\/uploads\/2025\/12\/1-1-768x1152.png 768w\" sizes=\"(max-width: 367px) 100vw, 367px\" \/><\/a>\n\t\t\t<\/dt><\/dl><dl class='gallery-item'>\n\t\t\t<dt class='gallery-icon portrait'>\n\t\t\t\t<a data-elementor-open-lightbox=\"yes\" data-elementor-lightbox-slideshow=\"1d220b5\" data-elementor-lightbox-title=\"2\" data-e-action-hash=\"#elementor-action%3Aaction%3Dlightbox%26settings%3DeyJpZCI6ODIsInVybCI6Imh0dHBzOlwvXC93d3cuaW5mb3RpY3BhdGlvc3lncnVhcy5jb21cL3dwLWNvbnRlbnRcL3VwbG9hZHNcLzIwMjVcLzEyXC8yLTEucG5nIiwic2xpZGVzaG93IjoiMWQyMjBiNSJ9\" href='https:\/\/www.infoticpatiosygruas.com\/wp-content\/uploads\/2025\/12\/2-1.png'><img decoding=\"async\" width=\"367\" height=\"550\" src=\"https:\/\/www.infoticpatiosygruas.com\/wp-content\/uploads\/2025\/12\/2-1.png\" class=\"attachment-portfolio-square size-portfolio-square\" alt=\"\" srcset=\"https:\/\/www.infoticpatiosygruas.com\/wp-content\/uploads\/2025\/12\/2-1.png 1024w, https:\/\/www.infoticpatiosygruas.com\/wp-content\/uploads\/2025\/12\/2-1-200x300.png 200w, https:\/\/www.infoticpatiosygruas.com\/wp-content\/uploads\/2025\/12\/2-1-683x1024.png 683w, https:\/\/www.infoticpatiosygruas.com\/wp-content\/uploads\/2025\/12\/2-1-768x1152.png 768w\" sizes=\"(max-width: 367px) 100vw, 367px\" \/><\/a>\n\t\t\t<\/dt><\/dl><dl class='gallery-item'>\n\t\t\t<dt class='gallery-icon portrait'>\n\t\t\t\t<a data-elementor-open-lightbox=\"yes\" data-elementor-lightbox-slideshow=\"1d220b5\" data-elementor-lightbox-title=\"3\" data-e-action-hash=\"#elementor-action%3Aaction%3Dlightbox%26settings%3DeyJpZCI6ODMsInVybCI6Imh0dHBzOlwvXC93d3cuaW5mb3RpY3BhdGlvc3lncnVhcy5jb21cL3dwLWNvbnRlbnRcL3VwbG9hZHNcLzIwMjVcLzEyXC8zLTEucG5nIiwic2xpZGVzaG93IjoiMWQyMjBiNSJ9\" href='https:\/\/www.infoticpatiosygruas.com\/wp-content\/uploads\/2025\/12\/3-1.png'><img loading=\"lazy\" decoding=\"async\" width=\"367\" height=\"550\" src=\"https:\/\/www.infoticpatiosygruas.com\/wp-content\/uploads\/2025\/12\/3-1.png\" class=\"attachment-portfolio-square size-portfolio-square\" alt=\"\" srcset=\"https:\/\/www.infoticpatiosygruas.com\/wp-content\/uploads\/2025\/12\/3-1.png 1024w, https:\/\/www.infoticpatiosygruas.com\/wp-content\/uploads\/2025\/12\/3-1-200x300.png 200w, https:\/\/www.infoticpatiosygruas.com\/wp-content\/uploads\/2025\/12\/3-1-683x1024.png 683w, https:\/\/www.infoticpatiosygruas.com\/wp-content\/uploads\/2025\/12\/3-1-768x1152.png 768w\" sizes=\"(max-width: 367px) 100vw, 367px\" \/><\/a>\n\t\t\t<\/dt><\/dl><dl class='gallery-item'>\n\t\t\t<dt class='gallery-icon portrait'>\n\t\t\t\t<a data-elementor-open-lightbox=\"yes\" data-elementor-lightbox-slideshow=\"1d220b5\" data-elementor-lightbox-title=\"4\" data-e-action-hash=\"#elementor-action%3Aaction%3Dlightbox%26settings%3DeyJpZCI6ODQsInVybCI6Imh0dHBzOlwvXC93d3cuaW5mb3RpY3BhdGlvc3lncnVhcy5jb21cL3dwLWNvbnRlbnRcL3VwbG9hZHNcLzIwMjVcLzEyXC80LTEucG5nIiwic2xpZGVzaG93IjoiMWQyMjBiNSJ9\" href='https:\/\/www.infoticpatiosygruas.com\/wp-content\/uploads\/2025\/12\/4-1.png'><img loading=\"lazy\" decoding=\"async\" width=\"367\" height=\"550\" src=\"https:\/\/www.infoticpatiosygruas.com\/wp-content\/uploads\/2025\/12\/4-1.png\" class=\"attachment-portfolio-square size-portfolio-square\" alt=\"\" srcset=\"https:\/\/www.infoticpatiosygruas.com\/wp-content\/uploads\/2025\/12\/4-1.png 1024w, https:\/\/www.infoticpatiosygruas.com\/wp-content\/uploads\/2025\/12\/4-1-200x300.png 200w, https:\/\/www.infoticpatiosygruas.com\/wp-content\/uploads\/2025\/12\/4-1-683x1024.png 683w, https:\/\/www.infoticpatiosygruas.com\/wp-content\/uploads\/2025\/12\/4-1-768x1152.png 768w\" sizes=\"(max-width: 367px) 100vw, 367px\" \/><\/a>\n\t\t\t<\/dt><\/dl><dl class='gallery-item'>\n\t\t\t<dt class='gallery-icon portrait'>\n\t\t\t\t<a data-elementor-open-lightbox=\"yes\" data-elementor-lightbox-slideshow=\"1d220b5\" data-elementor-lightbox-title=\"5\" data-e-action-hash=\"#elementor-action%3Aaction%3Dlightbox%26settings%3DeyJpZCI6ODUsInVybCI6Imh0dHBzOlwvXC93d3cuaW5mb3RpY3BhdGlvc3lncnVhcy5jb21cL3dwLWNvbnRlbnRcL3VwbG9hZHNcLzIwMjVcLzEyXC81LTEucG5nIiwic2xpZGVzaG93IjoiMWQyMjBiNSJ9\" href='https:\/\/www.infoticpatiosygruas.com\/wp-content\/uploads\/2025\/12\/5-1.png'><img loading=\"lazy\" decoding=\"async\" width=\"367\" height=\"550\" src=\"https:\/\/www.infoticpatiosygruas.com\/wp-content\/uploads\/2025\/12\/5-1.png\" class=\"attachment-portfolio-square size-portfolio-square\" alt=\"\" srcset=\"https:\/\/www.infoticpatiosygruas.com\/wp-content\/uploads\/2025\/12\/5-1.png 1024w, https:\/\/www.infoticpatiosygruas.com\/wp-content\/uploads\/2025\/12\/5-1-200x300.png 200w, https:\/\/www.infoticpatiosygruas.com\/wp-content\/uploads\/2025\/12\/5-1-683x1024.png 683w, https:\/\/www.infoticpatiosygruas.com\/wp-content\/uploads\/2025\/12\/5-1-768x1152.png 768w\" sizes=\"(max-width: 367px) 100vw, 367px\" \/><\/a>\n\t\t\t<\/dt><\/dl><br style=\"clear: both\" \/>\n\t\t<\/div>\n\t\t<\/div>\n\t\t\t\t\t\t<\/div>\n\t\t<div class=\"elementor-element elementor-element-98a3c61 e-grid e-con-full e-con e-child\" data-id=\"98a3c61\" data-element_type=\"container\">\n\t\t\t\t<div class=\"elementor-element elementor-element-b4692d2 elementor-align-center elementor-widget__width-initial elementor-widget elementor-widget-button\" data-id=\"b4692d2\" data-element_type=\"widget\" data-widget_type=\"button.default\">\n\t\t\t\t\t\t\t\t\t\t<a class=\"elementor-button elementor-button-link elementor-size-sm\" href=\"https:\/\/www.infoticpatiosygruas.com\/wp-content\/uploads\/2026\/01\/Tarifas-2026.pdf\" target=\"_blank\">\n\t\t\t\t\t\t<span class=\"elementor-button-content-wrapper\">\n\t\t\t\t\t\t\t\t\t<span class=\"elementor-button-text\">TARIFAS<\/span>\n\t\t\t\t\t<\/span>\n\t\t\t\t\t<\/a>\n\t\t\t\t\t\t\t\t<\/div>\n\t\t\t\t<div class=\"elementor-element elementor-element-6f2428e elementor-align-center elementor-widget__width-initial elementor-widget elementor-widget-button\" data-id=\"6f2428e\" data-element_type=\"widget\" data-widget_type=\"button.default\">\n\t\t\t\t\t\t\t\t\t\t<a class=\"elementor-button elementor-button-link elementor-size-sm\" href=\"https:\/\/www.google.com\/maps\/place\/Patios+Oficiales+de+Tr%C3%A1nsito+de+Manizales\/@5.0951368,-75.5404464,18.5z\/data=!4m14!1m7!3m6!1s0x8e47702fcb73a4c9:0x1ff33eb4146f5c93!2sEstaci%C3%B3n+de+Servicio+Unitrans+Texaco!8m2!3d5.0947272!4d-75.5392455!16s%2Fg%2F11c2qskbvk!3m5!1s0x8e477101e56cf13f:0xdcba9c910f07822!8m2!3d5.0960767!4d-75.5398169!16s%2Fg%2F11fv4f_p4y?entry=ttu&#038;g_ep=EgoyMDI1MTIwOS4wIKXMDSoASAFQAw%3D%3D\">\n\t\t\t\t\t\t<span class=\"elementor-button-content-wrapper\">\n\t\t\t\t\t\t\t\t\t<span class=\"elementor-button-text\">RUTA AL PATIO<\/span>\n\t\t\t\t\t<\/span>\n\t\t\t\t\t<\/a>\n\t\t\t\t\t\t\t\t<\/div>\n\t\t\t\t<\/div>\n\t\t\t\t\t<\/div>\n\t\t\t\t<\/div>\n\t\t<div class=\"elementor-element elementor-element-9732eed e-flex e-con-boxed e-con e-parent\" data-id=\"9732eed\" data-element_type=\"container\">\n\t\t\t\t\t<div class=\"e-con-inner\">\n\t\t<div class=\"elementor-element elementor-element-6e1fca1 e-grid e-con-full e-con e-child\" data-id=\"6e1fca1\" data-element_type=\"container\">\n\t\t\t\t<div class=\"elementor-element elementor-element-bd11193 elementor-widget elementor-widget-text-editor\" data-id=\"bd11193\" data-element_type=\"widget\" data-widget_type=\"text-editor.default\">\n\t\t\t\t\t\t\t\t\t<div class=\"wpb_single_image wpb_content_element vc_align_center\">\n<div class=\"wpb_wrapper\">\n<h1 class=\"vc_single_image-wrapper   vc_box_border_grey\">$<\/h1>\n<\/div>\n<\/div>\n<div class=\"wpb_text_column wpb_content_element \">\n<div class=\"wpb_wrapper\">\n<h4><strong>Consulta y Liquidaci\u00f3n<\/strong><br \/><strong>de Servicios de Gr\u00faa y Patios<\/strong><\/h4>\n<p>Proyecte el valor a cancelar por los servicios de<br \/>patios y gr\u00faas<\/p>\n<\/div>\n<\/div>\t\t\t\t\t\t\t\t<\/div>\n\t\t\t\t<div class=\"elementor-element elementor-element-f70310a elementor-widget elementor-widget-shortcode\" data-id=\"f70310a\" data-element_type=\"widget\" data-widget_type=\"shortcode.default\">\n\t\t\t\t\t\t\t<div class=\"elementor-shortcode\"><div class=\"cmsms-form-builder\">\r\n\t\t\t\t<form id=\"liquidacion\" onsubmit=\"redirigirPorPlaca(event)\">\r\n\t\t\t\t\t<div class=\"form_info cmsms_input\">\r\n\t\t\t\t\t\t<label style=\"color:white\" for=\"pla\">Digite la Placa del veh\u00edculo <span style=\"color:white\" class=\"color2\">*<\/span><\/label>\r\n\t\t\t\t\t\t<input type=\"text\" name=\"pla\" id=\"pla\" value=\"\" class=\"btext\" size=\"22\" tabindex=\"3\" \/>\r\n\t\t\t\t\t<\/div>\r\n\t\t\t\t\t<div class=\"cl\"><\/div>\r\n\t\t\t\t\t<div><br\/>\r\n\t\t\t\t\t\t<center>\r\n\t\t\t\t\t\t\t<button type=\"submit\" class=\"button bform\" id=\"contact_form_formsend\" tabindex=\"8\"><span>Liquidar<\/span><\/button>\r\n\t\t\t\t\t\t<\/center>\r\n\t\t\t\t\t<\/div>\r\n\t\t\t\t<\/form>\r\n\t\t\t\t<script>\r\n\t\t\t\t\tfunction redirigirPorPlaca(e) {\r\n\t\t\t\t\t\te.preventDefault();\r\n\t\t\t\t\t\tvar placa = document.getElementById('pla').value.trim();\r\n\t\t\t\t\t\tif (placa) {\r\n\t\t\t\t\t\t\tvar url = 'https:\/\/infoticpatiosygruas.web.app\/placa\/' + encodeURIComponent(placa);\r\n\t\t\t\t\t\t\twindow.location.href = url;\r\n\t\t\t\t\t\t} else {\r\n\t\t\t\t\t\t\talert('Por favor ingrese una placa v\u00e1lida.');\r\n\t\t\t\t\t\t}\r\n\t\t\t\t\t}\r\n\t\t\t\t<\/script>\r\n\t\t\t<\/div><\/div>\n\t\t\t\t\t\t<\/div>\n\t\t\t\t<div class=\"elementor-element elementor-element-44aee5d elementor-widget elementor-widget-text-editor\" data-id=\"44aee5d\" data-element_type=\"widget\" data-widget_type=\"text-editor.default\">\n\t\t\t\t\t\t\t\t\t<div class=\"wpb_single_image wpb_content_element vc_align_center\">\n<div class=\"wpb_wrapper\">\n<div class=\"vc_single_image-wrapper   vc_box_border_grey\">\n<div class=\"wpb_single_image wpb_content_element vc_align_center\">\n<div class=\"wpb_wrapper\">\n<h1 class=\"vc_single_image-wrapper   vc_box_border_grey\">#<\/h1>\n<\/div>\n<\/div>\n<div class=\"wpb_text_column wpb_content_element \">\n<div class=\"wpb_wrapper\">\n<h4><strong>Consulta <\/strong><strong>Cobro Coactivo<\/strong><\/h4>\n<p>Consulte si usted posee alguna obligaci\u00f3n por cobro coactivo.<\/p>\n<\/div>\n<\/div>\n<\/div>\n<\/div>\n<\/div>\t\t\t\t\t\t\t\t<\/div>\n\t\t\t\t<div class=\"elementor-element elementor-element-6b3ee93 elementor-widget elementor-widget-shortcode\" data-id=\"6b3ee93\" data-element_type=\"widget\" data-widget_type=\"shortcode.default\">\n\t\t\t\t\t\t\t<div class=\"elementor-shortcode\"><div class=\"cmsms-form-builder\">\r\n\t\t\t\t<form action=\"\/?pagename=tramites&option=cobro-coactivo\" method=\"post\" id=\"cobro-coactivo\">\r\n\t\t\t\t\t<!--div class=\"form_info cmsms_select\">\r\n\t\t\t\t\t\t<label for=\"tipo\">Tipo de Consulta <span class=\"color2\">*<\/span><\/label>\r\n\t\t\t\t\t\t<select  name=\"tipo\" id=\"tipo\"> \r\n\t\t\t\t\t\t\t<option value=\"0\">Seleccione<\/option>\r\n\t\t\t\t\t\t\t<option value=\"1\">Cedula<\/option>\r\n\t\t\t\t\t\t\t<option value=\"2\">Numero<\/option>\r\n\t\t\t\t\t\t\t<option value=\"3\">Nombre<\/option>\r\n\t\t\t\t\t\t<\/select>\r\n\t\t\t\t\t<\/div-->\r\n\t\t\t\t\t<input type=hidden name=\"tipo\" value=\"1\" \/>\r\n\t\t\t\t\t<div class=\"form_info cmsms_input\">\r\n\t\t\t\t\t\t<label style=\"color:white\" for=\"placa\">Digite la Cedula a buscar <span style=\"color:white\" class=\"color2\">*&nbsp&nbsp&nbsp&nbsp<\/span><\/label>\r\n\t\t\t\t\t\t<input type=\"text\" name=\"texto\" id=\"texto\" class=\"btext\" value=\"\" size=\"22\" tabindex=\"3\" \/>\r\n\t\t\t\t\t<\/div>\r\n\t\t\t\t\t<div class=\"cl\"><\/div>\r\n\t\t\t\t\t<div>\r\n\t\t\t\t\t<br\/>\r\n\t\t\t\t\t<center>\r\n\t\t\t\t\t\t<a onclick=\"jQuery('#cobro-coactivo').submit()\" class=\"button bform\" id=\"send\" tabindex=\"8\"><span>Consultar<\/span><\/a>\r\n\t\t\t\t\t\t<\/center>\r\n\t\t\t\t\t<\/div>\r\n\t\t\t\t<\/form>\r\n\t\t<\/div><\/div>\n\t\t\t\t\t\t<\/div>\n\t\t\t\t<\/div>\n\t\t\t\t\t<\/div>\n\t\t\t\t<\/div>\n\t\t\t\t<\/div>\n\t\t","protected":false},"excerpt":{"rendered":"<p>Bienvenido al sistema de patios y gr\u00faas de Manizales; servicio prestado por INFOTIC S.A. al Municipio de Manizales mediante contrato de concesi\u00f3n, cuyo objeto es: \u201cImplementar una Soluci\u00f3n en Tecnolog\u00eda, Informaci\u00f3n y Comunicaciones TIC que incorpore la operaci\u00f3n necesaria para la actividad de gr\u00faas y&#8230;<\/p>\n","protected":false},"author":1,"featured_media":0,"parent":0,"menu_order":0,"comment_status":"closed","ping_status":"closed","template":"elementor_header_footer","meta":{"footnotes":""},"class_list":["post-112","page","type-page","status-publish","hentry"],"_links":{"self":[{"href":"https:\/\/www.infoticpatiosygruas.com\/index.php?rest_route=\/wp\/v2\/pages\/112","targetHints":{"allow":["GET"]}}],"collection":[{"href":"https:\/\/www.infoticpatiosygruas.com\/index.php?rest_route=\/wp\/v2\/pages"}],"about":[{"href":"https:\/\/www.infoticpatiosygruas.com\/index.php?rest_route=\/wp\/v2\/types\/page"}],"author":[{"embeddable":true,"href":"https:\/\/www.infoticpatiosygruas.com\/index.php?rest_route=\/wp\/v2\/users\/1"}],"replies":[{"embeddable":true,"href":"https:\/\/www.infoticpatiosygruas.com\/index.php?rest_route=%2Fwp%2Fv2%2Fcomments&post=112"}],"version-history":[{"count":55,"href":"https:\/\/www.infoticpatiosygruas.com\/index.php?rest_route=\/wp\/v2\/pages\/112\/revisions"}],"predecessor-version":[{"id":227,"href":"https:\/\/www.infoticpatiosygruas.com\/index.php?rest_route=\/wp\/v2\/pages\/112\/revisions\/227"}],"wp:attachment":[{"href":"https:\/\/www.infoticpatiosygruas.com\/index.php?rest_route=%2Fwp%2Fv2%2Fmedia&parent=112"}],"curies":[{"name":"wp","href":"https:\/\/api.w.org\/{rel}","templated":true}]}}